{"id":9,"date":"2015-01-03T10:28:56","date_gmt":"2015-01-03T09:28:56","guid":{"rendered":"http:\/\/michael.tassati.at\/wordpress\/?page_id=9"},"modified":"2025-04-08T21:38:04","modified_gmt":"2025-04-08T19:38:04","slug":"impressum","status":"publish","type":"page","link":"https:\/\/www.michael.tassati.at\/?page_id=9","title":{"rendered":"Impressum"},"content":{"rendered":"\n<p><strong>Herausgeber<\/strong><br>Ing. Michael Tassati, BA MA<br>zugleich Domain-, Sub-Domain-Inhaber und Redakteur dieser Seite<\/p>\n\n\n\n<p style=\"font-size:16px\"><strong>Anschrift:<\/strong><\/p>\n\n\n\n<p>M\u00fchlheimer Str. 36, 4950 Altheim, Austria (\u00d6sterreich)<\/p>\n\n\n\n<p><strong>Fotos:<\/strong> privat<br><strong>Entwicklung &amp; Design:<\/strong> Diese Seite wurde mit <a href=\"https:\/\/wordpress.org\/\" target=\"_blank\" rel=\"noopener\">WordPress<\/a> entwickelt und basiert auf einer Vorlage von <a href=\"http:\/\/thematosoup.com\" target=\"_blank\" rel=\"noopener\">ThematoSoup<\/a>.<\/p>\n\n\n\n<p><strong>Datenschutz<\/strong><br>Pers\u00f6nlichen Daten wird ein besonderes Augenmerk zu teil. Auf den Seiten dieser Homepage sind keine pers\u00f6nlichen Angeben erforderlich. Nur bei Kontaktformularen, G\u00e4steb\u00fcchern und Maillisten sind eingeschr\u00e4nkt Daten anzugeben, die ben\u00f6tigt werden, um Ihnen die eindeutigen Optionen und Dienste zur Verf\u00fcgung zu stellen. Daten, die im letzteren Zusammenhang entstehen, werden absolut Vertraulich behandelt und keinem au\u00dfenstehenden Dritten zu irgendeinem Zweck zug\u00e4nglich gemacht oder verkauft!<\/p>\n\n\n\n<p><strong>Statistiken \u00fcber das Nutzungsverhalten &amp; Datenschutz<\/strong><br>Seiten der Dom\u00e4ne tassati.at, tassati.it, tassati.info, tassati.eu und Sub-Domain-Seiten werden von \u201cNeue Medien M\u00fcnnich\u201d gehostet.<br>Kontakt &amp; Anschrift: Neue Medien M\u00fcnnich, Ren\u00e9 M\u00fcnnich, Dorfstrasse 49,D \u2013 02742 Friedersdorf, Tel. + 49 35872 353 \u2013 10, Fax. + 49 35872 353 \u2013 30<\/p>\n\n\n\n<p>Vorkehrungen zum Datenschutz und die Verwendung dort m\u00f6glicherweise erhobener Daten sind dem Autor nur soweit bekannt wie dies in den Allgemeinen Gesch\u00e4ftsbedingungen des Unternehmens genannt wird. Der Seitenabruf kann vom Autor anhand der von \u201cNeue Medien M\u00fcnnich\u201d bereitgestellten Statistik kontrolliert und ausgewertet werden. Die bereitgestellten Daten erlauben theoretisch bei entsprechenden Rechnernamen oder IP-Adressen eine R\u00fcckf\u00fchrung der Nutzung auf bestimmte Personen. In der Regel ist jedoch nur erkennbar, aus welcher Dom\u00e4ne zugegriffen wurde, ohne dass ein R\u00fcckschluss auf personenbezogene Daten m\u00f6glich ist. Festgehalten wird, woher im Internet unsere Webbesucher kommen, welche technische Ausstattung sie besitzen und zu welchem Zeitpunkt sie Teile unseres Angebotes besuchen, ohne diese Daten in Bezug zu Ihren evtl. w\u00e4hrend Ihres Besuches angegebenen pers\u00f6nlichen Daten zu setzen.<\/p>\n\n\n\n<p>Diese Website benutzt Google Analytics, einen Webanalysedienst der Google Inc. (\u201eGoogle&#8220;). Google Analytics verwendet sog. \u201eCookies&#8220;, Textdateien, die auf Ihrem Computer gespeichert werden und die eine Analyse der Benutzung der Website durch Sie erm\u00f6glichen. Die durch den Cookie erzeugten Informationen \u00fcber Ihre Benutzung dieser Website (einschlie\u00dflich Ihrer <span class=\"mytool\">IP-Adresse<\/span>) wird an einen <span class=\"mytool\">Server<\/span> von Google in den USA \u00fcbertragen und dort gespeichert. Google wird diese Informationen benutzen, um Ihre Nutzung der Website auszuwerten, um Reports \u00fcber die Websiteaktivit\u00e4ten f\u00fcr die Websitebetreiber zusammenzustellen und um weitere mit der Websitenutzung und der Internetnutzung verbundene Dienstleistungen zu erbringen. Auch wird Google diese Informationen gegebenenfalls an Dritte \u00fcbertragen, sofern dies gesetzlich vorgeschrieben oder soweit Dritte diese Daten im Auftrag von Google verarbeiten. Google wird in keinem Fall Ihre IP-Adresse mit anderen Daten von Google in Verbindung bringen. Sie k\u00f6nnen die Installation der Cookies durch eine entsprechende Einstellung Ihrer <span class=\"mytool\">Browser<\/span> <span class=\"mytool\">Software<\/span> verhindern; wir weisen Sie jedoch darauf hin, dass Sie in diesem Fall gegebenenfalls nicht s\u00e4mtliche Funktionen dieser Website vollumf\u00e4nglich nutzen k\u00f6nnen.<\/p>\n\n\n\n<p>Durch die Nutzung dieser Website erkl\u00e4ren Sie sich mit der Bearbeitung der \u00fcber Sie erhobenen Daten durch Google in der zuvor beschriebenen Art und Weise und zu dem zuvor benannten Zweck einverstanden. Der Datenerhebung und -speicherung kann&nbsp;<a href=\"http:\/\/tools.google.com\/dlpage\/gaoptout?hl=de\" target=\"_blank\" rel=\"noopener\">jederzeit mit Wirkung f\u00fcr die Zukunft widersprochen<\/a>&nbsp;werden. Angesichts der Diskussion um den Einsatz von Analysetools mit vollst\u00e4ndigen IP-Adressen m\u00f6chten wir darauf hinweisen, dass diese Website Google Analytics mit der Erweiterung \u201e_anonymizeIp()&#8220; verwendet und daher IP-Adressen nur gek\u00fcrzt weiterverarbeitet werden, um eine direkte Personenbeziehbarkeit auszuschlie\u00dfen.<\/p>\n\n\n\n<p><strong>Internet-Benutzer unter 18 Jahren bzw. des jeweils g\u00fcltigen Rechts der Vollj\u00e4hrigkeit<\/strong><br>Jegliche Personen unter 18 Jahren bzw. des jeweils g\u00fcltigen Rechts der Vollj\u00e4hrigkeit sollten ohne Zustimmung Ihrer Erziehungsberechtigten keine pers\u00f6nlichen Daten \u00fcber irgendein Medium an den Autor bekannt geben. Vom Autor werden ausdr\u00fccklich keine personenbezogenen Daten von Personen der genannten Altersgruppe angefordert, diese werden auch nicht gesammelt oder an Au\u00dfenstehende weitergegeben.<\/p>\n\n\n\n<p><strong>Haftungsausschluss<\/strong><br>Es gelten f\u00fcr diese Dom\u00e4ne und deren Sub-Dom\u00e4nen die zum Zeitpunkt der Erstellung dieser Seite g\u00fcltigen Bestimmungen des kostenlosen Dienstanbieters <a href=\"http:\/\/disclaimer.de\/\" target=\"_blank\" rel=\"noopener\">disclaimer.de<\/a> Haftungsausschluss<\/p>\n\n\n\n<p>Sollte trotz gr\u00f6\u00dft m\u00f6glicher Sorgfalt, an irgend einer Stelle ein Recht verletzt worden sein, so bittet der Autor den Gesch\u00e4digten bzw. die Person, der dies auff\u00e4llt, ihn dar\u00fcber zu informieren. Der Autor wird diesen Missstand sofort ab\u00e4ndern.<br>Da auf dieser Homepage und den Sub-Domains Links zu anderen Seiten eingebaut wurden, gilt f\u00fcr alle Links:<br>Der Autor, Domain-Inhaber und Inhaltsverantwortliche distanziert sich hiermit ausdr\u00fccklich von allen Inhalten aller gelinkten Seiten auf dieser Homepage (inkl. Unterseiten und Sub-Domains). Diese Erkl\u00e4rung gilt f\u00fcr alle verf\u00fcgbaren Links sowie evtl. vorhandene Linklisten und Foren, die zur Zeit aktiv sind und\/oder aktiv werden. Ebenso gilt diese Erkl\u00e4rung f\u00fcr Seiten auf denen Links zu dieser Seite, Dom\u00e4ne oder einer Subdom\u00e4ne eingerichtet sind, deren Inhalt vom Autor nicht beeinflussbar oder ihm bekannt ist.<\/p>\n","protected":false},"excerpt":{"rendered":"<p>HerausgeberIng. Michael Tassati, BA MAzugleich Domain-, Sub-Domain-Inhaber und Redakteur dieser Seite Anschrift: M\u00fchlheimer Str. 36, 4950 Altheim, Austria (\u00d6sterreich) Fotos: privatEntwicklung &amp; Design: Diese Seite wurde mit WordPress entwickelt und basiert auf einer Vorlage von ThematoSoup. DatenschutzPers\u00f6nlichen Daten wird ein besonderes Augenmerk zu teil. Auf den Seiten dieser Homepage sind keine pers\u00f6nlichen Angeben erforderlich. Nur &hellip; <a href=\"https:\/\/www.michael.tassati.at\/?page_id=9\" class=\"more-link\"><span class=\"screen-reader-text\">Impressum<\/span> weiterlesen <span class=\"meta-nav\">&rarr;<\/span><\/a><\/p>\n","protected":false},"author":1,"featured_media":0,"parent":0,"menu_order":50,"comment_status":"closed","ping_status":"closed","template":"","meta":[],"_links":{"self":[{"href":"https:\/\/www.michael.tassati.at\/index.php?rest_route=\/wp\/v2\/pages\/9"}],"collection":[{"href":"https:\/\/www.michael.tassati.at\/index.php?rest_route=\/wp\/v2\/pages"}],"about":[{"href":"https:\/\/www.michael.tassati.at\/index.php?rest_route=\/wp\/v2\/types\/page"}],"author":[{"embeddable":true,"href":"https:\/\/www.michael.tassati.at\/index.php?rest_route=\/wp\/v2\/users\/1"}],"replies":[{"embeddable":true,"href":"https:\/\/www.michael.tassati.at\/index.php?rest_route=%2Fwp%2Fv2%2Fcomments&post=9"}],"version-history":[{"count":18,"href":"https:\/\/www.michael.tassati.at\/index.php?rest_route=\/wp\/v2\/pages\/9\/revisions"}],"predecessor-version":[{"id":795,"href":"https:\/\/www.michael.tassati.at\/index.php?rest_route=\/wp\/v2\/pages\/9\/revisions\/795"}],"wp:attachment":[{"href":"https:\/\/www.michael.tassati.at\/index.php?rest_route=%2Fwp%2Fv2%2Fmedia&parent=9"}],"curies":[{"name":"wp","href":"https:\/\/api.w.org\/{rel}","templated":true}]}}